{"id":50,"date":"2026-03-16T13:45:55","date_gmt":"2026-03-16T13:45:55","guid":{"rendered":"https:\/\/paflidu.click\/?page_id=50"},"modified":"2026-03-16T13:46:02","modified_gmt":"2026-03-16T13:46:02","slug":"datenschutz-schutz-ihrer-privatsphaere","status":"publish","type":"page","link":"https:\/\/paflidu.click\/?page_id=50","title":{"rendered":"Datenschutz : Schutz Ihrer Privatsph\u00e4re"},"content":{"rendered":"\n<p>In der Welt von paflidu hat die Sicherheit Ihrer Daten denselben Stellenwert wie die Qualit\u00e4t einer Gartenplanung. Diese Aufstellung erkl\u00e4rt : wie wir mit Ihren Informationen umgehen.<\/p>\n\n\n\n<figure class=\"wp-block-table\"><table class=\"has-fixed-layout\"><thead><tr><td><strong>Art der Daten<\/strong><\/td><td><strong>Zweck der Verarbeitung<\/strong><\/td><td><strong>Schutzma\u00dfnahmen bei paflidu<\/strong><\/td><\/tr><\/thead><tbody><tr><td><strong>Kontaktanfragen<\/strong><\/td><td>Beantwortung von Emails sowie Projektplanung<\/td><td>Verschl\u00fcsselte \u00dcbertragung sowie lokale Speicherung<\/td><\/tr><tr><td><strong>Nutzungsdaten<\/strong><\/td><td>Analyse der Webseitennutzung zur Optimierung<\/td><td>Anonymisierung der IP Adressen ohne R\u00fcckverfolgung<\/td><\/tr><tr><td><strong>Steuerdaten<\/strong><\/td><td>Erf\u00fcllung gesetzlicher Buchhaltungspflichten<\/td><td>Zugriff nur f\u00fcr autorisierte Personen sowie Beh\u00f6rden<\/td><\/tr><\/tbody><\/table><\/figure>\n\n\n\n<p><strong>Ihre Rechte als Nutzer<\/strong><\/p>\n\n\n\n<p>Sie haben jederzeit das Recht auf Auskunft \u00fcber Ihre gespeicherten Daten. Senden Sie hierzu eine Nachricht an die Adresse mail@paflidu.click. Wir l\u00f6schen Ihre Daten umgehend : sofern keine gesetzlichen Aufbewahrungsfristen entgegenstehen. Die Sicherheit wird durch moderne Technik in unserem B\u00fcro in der Chodowieckistra\u00dfe 39 gew\u00e4hrleistet.<\/p>\n","protected":false},"excerpt":{"rendered":"<p>In der Welt von paflidu hat die Sicherheit Ihrer Daten denselben Stellenwert wie die Qualit\u00e4t einer Gartenplanung. Diese Aufstellung erkl\u00e4rt : wie wir mit Ihren Informationen umgehen. Art der Daten Zweck der Verarbeitung Schutzma\u00dfnahmen bei paflidu Kontaktanfragen Beantwortung von Emails sowie Projektplanung Verschl\u00fcsselte \u00dcbertragung sowie lokale Speicherung Nutzungsdaten Analyse der Webseitennutzung zur Optimierung Anonymisierung der [&hellip;]<\/p>\n","protected":false},"author":1,"featured_media":0,"parent":0,"menu_order":6,"comment_status":"closed","ping_status":"closed","template":"","meta":{"footnotes":""},"class_list":["post-50","page","type-page","status-publish","hentry"],"_links":{"self":[{"href":"https:\/\/paflidu.click\/index.php?rest_route=\/wp\/v2\/pages\/50","targetHints":{"allow":["GET"]}}],"collection":[{"href":"https:\/\/paflidu.click\/index.php?rest_route=\/wp\/v2\/pages"}],"about":[{"href":"https:\/\/paflidu.click\/index.php?rest_route=\/wp\/v2\/types\/page"}],"author":[{"embeddable":true,"href":"https:\/\/paflidu.click\/index.php?rest_route=\/wp\/v2\/users\/1"}],"replies":[{"embeddable":true,"href":"https:\/\/paflidu.click\/index.php?rest_route=%2Fwp%2Fv2%2Fcomments&post=50"}],"version-history":[{"count":1,"href":"https:\/\/paflidu.click\/index.php?rest_route=\/wp\/v2\/pages\/50\/revisions"}],"predecessor-version":[{"id":51,"href":"https:\/\/paflidu.click\/index.php?rest_route=\/wp\/v2\/pages\/50\/revisions\/51"}],"wp:attachment":[{"href":"https:\/\/paflidu.click\/index.php?rest_route=%2Fwp%2Fv2%2Fmedia&parent=50"}],"curies":[{"name":"wp","href":"https:\/\/api.w.org\/{rel}","templated":true}]}}