{"id":48,"date":"2026-03-16T13:45:32","date_gmt":"2026-03-16T13:45:32","guid":{"rendered":"https:\/\/paflidu.click\/?page_id=48"},"modified":"2026-03-16T13:45:47","modified_gmt":"2026-03-16T13:45:47","slug":"impressum-rechtliche-informationen","status":"publish","type":"page","link":"https:\/\/paflidu.click\/?page_id=48","title":{"rendered":"Impressum : Rechtliche Informationen"},"content":{"rendered":"\n<p>Hier finden Sie alle notwendigen Angaben zum Betreiber dieser digitalen Pr\u00e4senz. Matthias Hoffmann legt gro\u00dfen Wert auf Transparenz und rechtliche Klarheit in der Kommunikation mit seinen Kunden und Partnern.<\/p>\n\n\n\n<blockquote class=\"wp-block-quote is-layout-flow wp-block-quote-is-layout-flow\">\n<p><strong>Verantwortlich f\u00fcr den Inhalt<\/strong><\/p>\n\n\n\n<p>Matthias Hoffmann<\/p>\n\n\n\n<p>Chodowieckistra\u00dfe 39<\/p>\n\n\n\n<p>10405 Berlin<\/p>\n\n\n\n<p>Deutschland<\/p>\n<\/blockquote>\n\n\n\n<p><strong>Kontaktm\u00f6glichkeiten<\/strong><\/p>\n\n\n\n<ul class=\"wp-block-list\">\n<li>\u29bf <strong>Email :<\/strong> mail@paflidu.click<\/li>\n\n\n\n<li>\u29bf <strong>Webseite :<\/strong> paflidu<\/li>\n<\/ul>\n\n\n\n<p><strong>Steuerliche Identifikation<\/strong> Die Identit\u00e4t des Unternehmens wird durch die folgende Nummer best\u00e4tigt : Umsatzsteuer Identifikationsnummer gem\u00e4\u00df Paragraph siebenundzwanzig a des Umsatzsteuergesetzes lautet <strong>DE594304394<\/strong>.<\/p>\n\n\n\n<p>Die Europ\u00e4ische Kommission stellt eine Plattform zur Online Streitbeilegung bereit : die Sie im Internet finden k\u00f6nnen. Matthias Hoffmann ist weder bereit noch verpflichtet : an Streitbeilegungsverfahren vor einer Verbraucherschlichtungsstelle teilzunehmen.<\/p>\n","protected":false},"excerpt":{"rendered":"<p>Hier finden Sie alle notwendigen Angaben zum Betreiber dieser digitalen Pr\u00e4senz. Matthias Hoffmann legt gro\u00dfen Wert auf Transparenz und rechtliche Klarheit in der Kommunikation mit seinen Kunden und Partnern. Verantwortlich f\u00fcr den Inhalt Matthias Hoffmann Chodowieckistra\u00dfe 39 10405 Berlin Deutschland Kontaktm\u00f6glichkeiten Steuerliche Identifikation Die Identit\u00e4t des Unternehmens wird durch die folgende Nummer best\u00e4tigt : Umsatzsteuer [&hellip;]<\/p>\n","protected":false},"author":1,"featured_media":0,"parent":0,"menu_order":5,"comment_status":"closed","ping_status":"closed","template":"","meta":{"footnotes":""},"class_list":["post-48","page","type-page","status-publish","hentry"],"_links":{"self":[{"href":"https:\/\/paflidu.click\/index.php?rest_route=\/wp\/v2\/pages\/48","targetHints":{"allow":["GET"]}}],"collection":[{"href":"https:\/\/paflidu.click\/index.php?rest_route=\/wp\/v2\/pages"}],"about":[{"href":"https:\/\/paflidu.click\/index.php?rest_route=\/wp\/v2\/types\/page"}],"author":[{"embeddable":true,"href":"https:\/\/paflidu.click\/index.php?rest_route=\/wp\/v2\/users\/1"}],"replies":[{"embeddable":true,"href":"https:\/\/paflidu.click\/index.php?rest_route=%2Fwp%2Fv2%2Fcomments&post=48"}],"version-history":[{"count":1,"href":"https:\/\/paflidu.click\/index.php?rest_route=\/wp\/v2\/pages\/48\/revisions"}],"predecessor-version":[{"id":49,"href":"https:\/\/paflidu.click\/index.php?rest_route=\/wp\/v2\/pages\/48\/revisions\/49"}],"wp:attachment":[{"href":"https:\/\/paflidu.click\/index.php?rest_route=%2Fwp%2Fv2%2Fmedia&parent=48"}],"curies":[{"name":"wp","href":"https:\/\/api.w.org\/{rel}","templated":true}]}}